{"id":7,"date":"2019-02-09T14:41:49","date_gmt":"2019-02-09T14:41:49","guid":{"rendered":"http:\/\/psychotherapie-hagedorn-konen.de\/?page_id=7"},"modified":"2022-08-26T05:43:26","modified_gmt":"2022-08-26T05:43:26","slug":"psychotherapie-hagedorn-konen","status":"publish","type":"page","link":"https:\/\/psychotherapie-hagedorn-konen.de\/?page_id=7","title":{"rendered":"Psychotherapie Hagedorn-Konen"},"content":{"rendered":"\n<p class=\"has-text-align-center\"><strong>Die Praxis ist von Sep. 2022-Sep. 2023 geschlossen. Terminvereinbarungen f\u00fcr ein Erstgespr\u00e4ch k\u00f6nnen Sie \u00fcber die Terminservicestelle der Kassen\u00e4rztlichen Vereinigung unter Tel. 116 117 vornehmen. In dringenden (Not)f\u00e4llen wenden Sie sich an die Psychiatrie in Wunstorf (Tel. 05031-930) oder an den Rettungsdienst Tel. 112<\/strong><\/p>\n\n\n\n<p class=\"has-text-align-center\">Dipl. Psych. Kristina Hagedorn-Konen<\/p>\n\n\n\n<p class=\"has-text-align-center\"> -Psychologische Psychotherapeutin Verhaltenstherapie-<\/p>\n\n\n\n<p class=\"has-text-align-center\">Mittelstr. 1, 31535 Neustadt am R\u00fcbenberge<\/p>\n\n\n\n<p class=\"has-text-align-center\">0151-2822 7234 <\/p>\n\n\n\n<p class=\"has-text-align-center\"><\/p>\n\n\n\n<p class=\"has-text-align-center\">info@psychotherapie-hagedorn-konen.de<\/p>\n\n\n\n<p><\/p>\n\n\n\n<p><\/p>\n","protected":false},"excerpt":{"rendered":"<p>Die Praxis ist von Sep. 2022-Sep. 2023 geschlossen. Terminvereinbarungen f\u00fcr ein Erstgespr\u00e4ch k\u00f6nnen Sie \u00fcber die Terminservicestelle der Kassen\u00e4rztlichen Vereinigung unter Tel. 116 117 vornehmen. In dringenden (Not)f\u00e4llen wenden Sie sich an die Psychiatrie in Wunstorf (Tel. 05031-930) oder an den Rettungsdienst Tel. 112 Dipl. Psych. Kristina Hagedorn-Konen -Psychologische Psychotherapeutin Verhaltenstherapie- Mittelstr. 1, 31535 Neustadt [&hellip;]<\/p>\n","protected":false},"author":1,"featured_media":52,"parent":0,"menu_order":1,"comment_status":"closed","ping_status":"closed","template":"","meta":{"footnotes":""},"class_list":["post-7","page","type-page","status-publish","has-post-thumbnail","entry"],"_links":{"self":[{"href":"https:\/\/psychotherapie-hagedorn-konen.de\/index.php?rest_route=\/wp\/v2\/pages\/7","targetHints":{"allow":["GET"]}}],"collection":[{"href":"https:\/\/psychotherapie-hagedorn-konen.de\/index.php?rest_route=\/wp\/v2\/pages"}],"about":[{"href":"https:\/\/psychotherapie-hagedorn-konen.de\/index.php?rest_route=\/wp\/v2\/types\/page"}],"author":[{"embeddable":true,"href":"https:\/\/psychotherapie-hagedorn-konen.de\/index.php?rest_route=\/wp\/v2\/users\/1"}],"replies":[{"embeddable":true,"href":"https:\/\/psychotherapie-hagedorn-konen.de\/index.php?rest_route=%2Fwp%2Fv2%2Fcomments&post=7"}],"version-history":[{"count":7,"href":"https:\/\/psychotherapie-hagedorn-konen.de\/index.php?rest_route=\/wp\/v2\/pages\/7\/revisions"}],"predecessor-version":[{"id":85,"href":"https:\/\/psychotherapie-hagedorn-konen.de\/index.php?rest_route=\/wp\/v2\/pages\/7\/revisions\/85"}],"wp:featuredmedia":[{"embeddable":true,"href":"https:\/\/psychotherapie-hagedorn-konen.de\/index.php?rest_route=\/wp\/v2\/media\/52"}],"wp:attachment":[{"href":"https:\/\/psychotherapie-hagedorn-konen.de\/index.php?rest_route=%2Fwp%2Fv2%2Fmedia&parent=7"}],"curies":[{"name":"wp","href":"https:\/\/api.w.org\/{rel}","templated":true}]}}