{"id":61,"date":"2021-03-21T19:30:34","date_gmt":"2021-03-21T19:30:34","guid":{"rendered":"http:\/\/psychotherapie-hagedorn-konen.de\/?page_id=61"},"modified":"2022-08-26T05:42:46","modified_gmt":"2022-08-26T05:42:46","slug":"therapieplatzsuche","status":"publish","type":"page","link":"https:\/\/psychotherapie-hagedorn-konen.de\/?page_id=61","title":{"rendered":"Therapieplatzsuche"},"content":{"rendered":"\n<p><strong>Die Praxis ist von Sep. 2022-Sep. 2023 geschlossen. Terminvereinbarungen f\u00fcr ein Erstgespr\u00e4ch k\u00f6nnen Sie \u00fcber die Terminservicestelle der Kassen\u00e4rztlichen Vereinigung unter Tel. 116 117 vornehmen. In dringenden (Not)f\u00e4llen wenden Sie sich an die Psychiatrie in Wunstorf (Tel. 05031-930) oder an den Rettungsdienst Tel. 112<\/strong>.<\/p>\n\n\n\n<p>Momentan betr\u00e4gt die Wartezeit auf einen Therapieplatz ca. 2 Jahre. Aus diesem Grund k\u00f6nnen vorerst keine weiteren Personen aufgenommen werden. Daher habe ich Ihnen weitere M\u00f6glichkeiten zur Therapieplatzsuche zusammengestellt und hoffe Sie damit unterst\u00fctzen zu k\u00f6nnen:<\/p>\n\n\n\n<p>1. Die Terminservicestelle der <strong>Kassen\u00e4rztlichen Vereinigung unter Tel. 116 117<\/strong>. Hinweis: Die Hotline ist \u00f6fter ausgelastet, daher gerne wiederholt versuchen einen Termin zu vereinbaren.<\/p>\n\n\n\n<p>2. <strong>Private Psychotherapeuten<\/strong> k\u00f6nnen in der Regel nur mit privaten Krankenkassen abrechnen. In einigen F\u00e4llen allerdings werden die Therapiekosten durch die gesetzlichen Krankenkassen \u00fcber das sogenannte Kostenerstattungsverfahren \u00fcbernommen.<\/p>\n\n\n\n<p>3. Die <strong><a href=\"https:\/\/www.hauptstelle-lebensberatung.de\/Beratung\/beratungsstellen\/psychologischeberatungstellen\/neustadt\" target=\"_blank\" rel=\"noreferrer noopener\">Lebensberatungsstelle in Neustadt <\/a>oder unter Tel. 05032-61100<\/strong>.<\/p>\n\n\n\n<p>4. Eine <strong>Selbsthilfegruppe<\/strong>: <a href=\"http:\/\/www.kibis-hannover.de\">www.kibis-hannover.de<\/a>.<\/p>\n\n\n\n<p>5. Inzwischen gibt es<a href=\"https:\/\/www.bfarm.de\/DE\/Medizinprodukte\/DVG\/_node.html\" target=\"_blank\" rel=\"noreferrer noopener\"> &#8222;Digitale Gesundheitsanwendungen (DiGA)&#8220; <\/a>beim Bundesinstitut f\u00fcr Arzneimittel und Medizinprodukte. Das sind M\u00f6glichkeiten (Apps), die der Hausarzt verschreiben und begleiten kann. Bisher gibt es sie f\u00fcr den Bereich Angst\/ Panik, Depression und Schlafst\u00f6rungen. Hier gelangen Sie direkt zum <a href=\"https:\/\/diga.bfarm.de\/de\/verzeichnis?category=%5B%2277%22%5D\" target=\"_blank\" rel=\"noreferrer noopener\">DiGA-Verzeichnis<\/a>. <\/p>\n\n\n\n<p class=\"has-text-align-left\"><\/p>\n","protected":false},"excerpt":{"rendered":"<p>Die Praxis ist von Sep. 2022-Sep. 2023 geschlossen. Terminvereinbarungen f\u00fcr ein Erstgespr\u00e4ch k\u00f6nnen Sie \u00fcber die Terminservicestelle der Kassen\u00e4rztlichen Vereinigung unter Tel. 116 117 vornehmen. In dringenden (Not)f\u00e4llen wenden Sie sich an die Psychiatrie in Wunstorf (Tel. 05031-930) oder an den Rettungsdienst Tel. 112. Momentan betr\u00e4gt die Wartezeit auf einen Therapieplatz ca. 2 Jahre. Aus [&hellip;]<\/p>\n","protected":false},"author":1,"featured_media":0,"parent":0,"menu_order":0,"comment_status":"closed","ping_status":"closed","template":"","meta":{"footnotes":""},"class_list":["post-61","page","type-page","status-publish","entry"],"_links":{"self":[{"href":"https:\/\/psychotherapie-hagedorn-konen.de\/index.php?rest_route=\/wp\/v2\/pages\/61","targetHints":{"allow":["GET"]}}],"collection":[{"href":"https:\/\/psychotherapie-hagedorn-konen.de\/index.php?rest_route=\/wp\/v2\/pages"}],"about":[{"href":"https:\/\/psychotherapie-hagedorn-konen.de\/index.php?rest_route=\/wp\/v2\/types\/page"}],"author":[{"embeddable":true,"href":"https:\/\/psychotherapie-hagedorn-konen.de\/index.php?rest_route=\/wp\/v2\/users\/1"}],"replies":[{"embeddable":true,"href":"https:\/\/psychotherapie-hagedorn-konen.de\/index.php?rest_route=%2Fwp%2Fv2%2Fcomments&post=61"}],"version-history":[{"count":5,"href":"https:\/\/psychotherapie-hagedorn-konen.de\/index.php?rest_route=\/wp\/v2\/pages\/61\/revisions"}],"predecessor-version":[{"id":84,"href":"https:\/\/psychotherapie-hagedorn-konen.de\/index.php?rest_route=\/wp\/v2\/pages\/61\/revisions\/84"}],"wp:attachment":[{"href":"https:\/\/psychotherapie-hagedorn-konen.de\/index.php?rest_route=%2Fwp%2Fv2%2Fmedia&parent=61"}],"curies":[{"name":"wp","href":"https:\/\/api.w.org\/{rel}","templated":true}]}}